{"id":365,"date":"2023-09-20T11:29:41","date_gmt":"2023-09-20T09:29:41","guid":{"rendered":"https:\/\/ga.it-nb.de\/?page_id=365"},"modified":"2023-11-23T10:52:02","modified_gmt":"2023-11-23T09:52:02","slug":"leergaerten-angebote","status":"publish","type":"page","link":"https:\/\/ga.it-nb.de\/?page_id=365","title":{"rendered":"Leerg\u00e4rten Angebote"},"content":{"rendered":"<p>Sie wollen Ihr eigenes Obst und Gem\u00fcse anbauen?<\/p>\n<p>Wir haben den Ort den Sie suchen und bieten Ihnen hier freie Pachtg\u00e4rten an.<\/p>\n<p>In den Bildern finden Sie einige Angebote \u00fcber die momentan zur Verf\u00fcgung stehenden G\u00e4rten.<br \/>\nBitte senden Sie uns bei Interesse eine Anfrage mit der jeweiligen Angebotsnummer, und Ihren Fragen an <a href=\"mailto:KGV-TrockenerWeg3@web.de\">KGV-TrockenerWeg3@web.de<\/a> zu.<\/p>\n<p>Wir freuen uns \u00fcber ihr Interesse und hoffen, Ihren passenden Garten mit angeboten zu haben.<\/p>\n<p>Angebot 1:<\/p>\n<div id='gallery-1' class='gallery galleryid-365 gallery-columns-3 gallery-size-thumbnail'><figure class='gallery-item'>\n\t\t\t<div class='gallery-icon portrait'>\n\t\t\t\t<a href='https:\/\/ga.it-nb.de\/wp-content\/uploads\/2023\/11\/WhatsApp-Image-2023-10-23-at-14.57.01-1.jpeg'><img loading=\"lazy\" decoding=\"async\" width=\"150\" height=\"150\" src=\"https:\/\/ga.it-nb.de\/wp-content\/uploads\/2023\/11\/WhatsApp-Image-2023-10-23-at-14.57.01-1-150x150.jpeg\" class=\"attachment-thumbnail size-thumbnail\" alt=\"\" srcset=\"https:\/\/ga.it-nb.de\/wp-content\/uploads\/2023\/11\/WhatsApp-Image-2023-10-23-at-14.57.01-1-150x150.jpeg 150w, https:\/\/ga.it-nb.de\/wp-content\/uploads\/2023\/11\/WhatsApp-Image-2023-10-23-at-14.57.01-1-100x100.jpeg 100w\" sizes=\"auto, 100vw\" \/><\/a>\n\t\t\t<\/div><\/figure><figure class='gallery-item'>\n\t\t\t<div class='gallery-icon portrait'>\n\t\t\t\t<a href='https:\/\/ga.it-nb.de\/wp-content\/uploads\/2023\/11\/WhatsApp-Image-2023-10-23-at-14.57.01.jpeg'><img loading=\"lazy\" decoding=\"async\" width=\"150\" height=\"150\" src=\"https:\/\/ga.it-nb.de\/wp-content\/uploads\/2023\/11\/WhatsApp-Image-2023-10-23-at-14.57.01-150x150.jpeg\" class=\"attachment-thumbnail size-thumbnail\" alt=\"\" srcset=\"https:\/\/ga.it-nb.de\/wp-content\/uploads\/2023\/11\/WhatsApp-Image-2023-10-23-at-14.57.01-150x150.jpeg 150w, https:\/\/ga.it-nb.de\/wp-content\/uploads\/2023\/11\/WhatsApp-Image-2023-10-23-at-14.57.01-100x100.jpeg 100w\" sizes=\"auto, 100vw\" \/><\/a>\n\t\t\t<\/div><\/figure><figure class='gallery-item'>\n\t\t\t<div class='gallery-icon portrait'>\n\t\t\t\t<a href='https:\/\/ga.it-nb.de\/wp-content\/uploads\/2023\/11\/WhatsApp-Image-2023-10-23-at-14.57.02-1.jpeg'><img loading=\"lazy\" decoding=\"async\" width=\"150\" height=\"150\" src=\"https:\/\/ga.it-nb.de\/wp-content\/uploads\/2023\/11\/WhatsApp-Image-2023-10-23-at-14.57.02-1-150x150.jpeg\" class=\"attachment-thumbnail size-thumbnail\" alt=\"\" srcset=\"https:\/\/ga.it-nb.de\/wp-content\/uploads\/2023\/11\/WhatsApp-Image-2023-10-23-at-14.57.02-1-150x150.jpeg 150w, https:\/\/ga.it-nb.de\/wp-content\/uploads\/2023\/11\/WhatsApp-Image-2023-10-23-at-14.57.02-1-100x100.jpeg 100w\" sizes=\"auto, 100vw\" \/><\/a>\n\t\t\t<\/div><\/figure><figure class='gallery-item'>\n\t\t\t<div class='gallery-icon portrait'>\n\t\t\t\t<a href='https:\/\/ga.it-nb.de\/wp-content\/uploads\/2023\/11\/WhatsApp-Image-2023-10-23-at-14.57.02-2.jpeg'><img loading=\"lazy\" decoding=\"async\" width=\"150\" height=\"150\" src=\"https:\/\/ga.it-nb.de\/wp-content\/uploads\/2023\/11\/WhatsApp-Image-2023-10-23-at-14.57.02-2-150x150.jpeg\" class=\"attachment-thumbnail size-thumbnail\" alt=\"\" srcset=\"https:\/\/ga.it-nb.de\/wp-content\/uploads\/2023\/11\/WhatsApp-Image-2023-10-23-at-14.57.02-2-150x150.jpeg 150w, https:\/\/ga.it-nb.de\/wp-content\/uploads\/2023\/11\/WhatsApp-Image-2023-10-23-at-14.57.02-2-100x100.jpeg 100w\" sizes=\"auto, 100vw\" \/><\/a>\n\t\t\t<\/div><\/figure><figure class='gallery-item'>\n\t\t\t<div class='gallery-icon portrait'>\n\t\t\t\t<a href='https:\/\/ga.it-nb.de\/wp-content\/uploads\/2023\/11\/WhatsApp-Image-2023-10-23-at-14.57.02-3.jpeg'><img loading=\"lazy\" decoding=\"async\" width=\"150\" height=\"150\" src=\"https:\/\/ga.it-nb.de\/wp-content\/uploads\/2023\/11\/WhatsApp-Image-2023-10-23-at-14.57.02-3-150x150.jpeg\" class=\"attachment-thumbnail size-thumbnail\" alt=\"\" srcset=\"https:\/\/ga.it-nb.de\/wp-content\/uploads\/2023\/11\/WhatsApp-Image-2023-10-23-at-14.57.02-3-150x150.jpeg 150w, https:\/\/ga.it-nb.de\/wp-content\/uploads\/2023\/11\/WhatsApp-Image-2023-10-23-at-14.57.02-3-100x100.jpeg 100w\" sizes=\"auto, 100vw\" \/><\/a>\n\t\t\t<\/div><\/figure><figure class='gallery-item'>\n\t\t\t<div class='gallery-icon portrait'>\n\t\t\t\t<a href='https:\/\/ga.it-nb.de\/wp-content\/uploads\/2023\/11\/WhatsApp-Image-2023-10-23-at-14.57.02.jpeg'><img loading=\"lazy\" decoding=\"async\" width=\"150\" height=\"150\" src=\"https:\/\/ga.it-nb.de\/wp-content\/uploads\/2023\/11\/WhatsApp-Image-2023-10-23-at-14.57.02-150x150.jpeg\" class=\"attachment-thumbnail size-thumbnail\" alt=\"\" srcset=\"https:\/\/ga.it-nb.de\/wp-content\/uploads\/2023\/11\/WhatsApp-Image-2023-10-23-at-14.57.02-150x150.jpeg 150w, https:\/\/ga.it-nb.de\/wp-content\/uploads\/2023\/11\/WhatsApp-Image-2023-10-23-at-14.57.02-100x100.jpeg 100w\" sizes=\"auto, 100vw\" \/><\/a>\n\t\t\t<\/div><\/figure>\n\t\t<\/div>\n\n","protected":false},"excerpt":{"rendered":"<p>Sie wollen Ihr eigenes Obst und Gem\u00fcse anbauen? Wir haben den Ort den Sie suchen und bieten Ihnen hier freie Pachtg\u00e4rten an. In den Bildern finden Sie einige Angebote \u00fcber die momentan zur Verf\u00fcgung stehenden G\u00e4rten. Bitte senden Sie uns bei Interesse eine Anfrage mit der jeweiligen Angebotsnummer, und Ihren Fragen an KGV-TrockenerWeg3@web.de zu. Wir &hellip; <\/p>\n<p class=\"link-more\"><a href=\"https:\/\/ga.it-nb.de\/?page_id=365\" class=\"more-link\"><span class=\"screen-reader-text\">\u201eLeerg\u00e4rten Angebote\u201c<\/span> weiterlesen<\/a><\/p>\n","protected":false},"author":1,"featured_media":0,"parent":0,"menu_order":0,"comment_status":"closed","ping_status":"closed","template":"","meta":{"footnotes":""},"class_list":["post-365","page","type-page","status-publish","hentry"],"_links":{"self":[{"href":"https:\/\/ga.it-nb.de\/index.php?rest_route=\/wp\/v2\/pages\/365","targetHints":{"allow":["GET"]}}],"collection":[{"href":"https:\/\/ga.it-nb.de\/index.php?rest_route=\/wp\/v2\/pages"}],"about":[{"href":"https:\/\/ga.it-nb.de\/index.php?rest_route=\/wp\/v2\/types\/page"}],"author":[{"embeddable":true,"href":"https:\/\/ga.it-nb.de\/index.php?rest_route=\/wp\/v2\/users\/1"}],"replies":[{"embeddable":true,"href":"https:\/\/ga.it-nb.de\/index.php?rest_route=%2Fwp%2Fv2%2Fcomments&post=365"}],"version-history":[{"count":10,"href":"https:\/\/ga.it-nb.de\/index.php?rest_route=\/wp\/v2\/pages\/365\/revisions"}],"predecessor-version":[{"id":412,"href":"https:\/\/ga.it-nb.de\/index.php?rest_route=\/wp\/v2\/pages\/365\/revisions\/412"}],"wp:attachment":[{"href":"https:\/\/ga.it-nb.de\/index.php?rest_route=%2Fwp%2Fv2%2Fmedia&parent=365"}],"curies":[{"name":"wp","href":"https:\/\/api.w.org\/{rel}","templated":true}]}}